{"id":323,"date":"2025-02-18T15:22:51","date_gmt":"2025-02-18T15:22:51","guid":{"rendered":"https:\/\/checkdeinrecht24.de\/?page_id=323"},"modified":"2025-02-18T15:25:45","modified_gmt":"2025-02-18T15:25:45","slug":"lebensversicherung-verkaufen","status":"publish","type":"page","link":"https:\/\/checkdeinrecht24.de\/?page_id=323","title":{"rendered":"Lebensversicherung verkaufen!"},"content":{"rendered":"<ul>\n<li>Ankaufsgarantie<\/li>\n<li>Auszahlung innerhalb von 18 Tagen (nach Erhalt der vollst\u00e4ndigen Unterlagen)<\/li>\n<li>Vorfinanzierung der Kaufpreise unabh\u00e4ngig von K\u00fcndigungsfristen und vertraglichen Wartezeiten<\/li>\n<li>Auszahlung direkt in eine Neuanlage und\/oder\u00a0auf jedes Kundenkonto m\u00f6glich<\/li>\n<li>m\u00f6gliche Steuervorteile<\/li>\n<li>Rechtssicherheit<\/li>\n<\/ul>\n","protected":false},"excerpt":{"rendered":"<p>Ankaufsgarantie Auszahlung innerhalb von 18 Tagen (nach Erhalt der vollst\u00e4ndigen Unterlagen) Vorfinanzierung der Kaufpreise unabh\u00e4ngig von K\u00fcndigungsfristen und vertraglichen Wartezeiten Auszahlung direkt in eine Neuanlage und\/oder\u00a0auf jedes Kundenkonto m\u00f6glich m\u00f6gliche Steuervorteile Rechtssicherheit<\/p>\n","protected":false},"author":1,"featured_media":289,"parent":0,"menu_order":0,"comment_status":"closed","ping_status":"closed","template":"ankauf.php","meta":{"footnotes":""},"class_list":["post-323","page","type-page","status-publish","has-post-thumbnail","hentry"],"acf":[],"aioseo_notices":[],"_links":{"self":[{"href":"https:\/\/checkdeinrecht24.de\/index.php?rest_route=\/wp\/v2\/pages\/323","targetHints":{"allow":["GET"]}}],"collection":[{"href":"https:\/\/checkdeinrecht24.de\/index.php?rest_route=\/wp\/v2\/pages"}],"about":[{"href":"https:\/\/checkdeinrecht24.de\/index.php?rest_route=\/wp\/v2\/types\/page"}],"author":[{"embeddable":true,"href":"https:\/\/checkdeinrecht24.de\/index.php?rest_route=\/wp\/v2\/users\/1"}],"replies":[{"embeddable":true,"href":"https:\/\/checkdeinrecht24.de\/index.php?rest_route=%2Fwp%2Fv2%2Fcomments&post=323"}],"version-history":[{"count":3,"href":"https:\/\/checkdeinrecht24.de\/index.php?rest_route=\/wp\/v2\/pages\/323\/revisions"}],"predecessor-version":[{"id":328,"href":"https:\/\/checkdeinrecht24.de\/index.php?rest_route=\/wp\/v2\/pages\/323\/revisions\/328"}],"wp:featuredmedia":[{"embeddable":true,"href":"https:\/\/checkdeinrecht24.de\/index.php?rest_route=\/wp\/v2\/media\/289"}],"wp:attachment":[{"href":"https:\/\/checkdeinrecht24.de\/index.php?rest_route=%2Fwp%2Fv2%2Fmedia&parent=323"}],"curies":[{"name":"wp","href":"https:\/\/api.w.org\/{rel}","templated":true}]}}