{"id":49,"date":"2023-12-27T18:49:58","date_gmt":"2023-12-27T18:49:58","guid":{"rendered":"https:\/\/www.dorukwebtasarim.com\/hukuk\/?page_id=49"},"modified":"2025-03-01T16:07:33","modified_gmt":"2025-03-01T16:07:33","slug":"uber-uns","status":"publish","type":"page","link":"https:\/\/checkdeinrecht24.de\/?page_id=49","title":{"rendered":"\u00dcber Uns"},"content":{"rendered":"<p>Wer wir sind<\/p>\n<p><strong>Checkdeinrecht24 stellt sich vor.<\/strong><\/p>\n<p>\u201eWenn Verbraucher ein\u00a0Rechtsproblem\u00a0haben, helfen wir ihnen, es zu l\u00f6sen\u201c \u201eDas ist unser\u00a0Grundgedanke.\u201c<\/p>\n<p>Mit viel Herzblut und Engagement betreut die Firma <strong>Checkdeinrecht24,<\/strong> die gesch\u00e4digt wurden und rechtliche Hilfe ben\u00f6tigen. Dazu werden wertvolle <u>Verbrauchertipps\u00a0<\/u>\u00a0und Informationen angeboten:<\/p>\n<p>\u201eIn erster Linie m\u00f6chten wir die\u00a0Menschen \u00fcber ihre Rechte informieren\u00a0und ein Bewusstsein daf\u00fcr schaffen, was ihnen \u00fcberhaupt zusteht\u201c,. \u201eWir weisen mit unserer Arbeit Kunden auf Missst\u00e4nde hin\u201c.<\/p>\n<p>Viele Verbraucher wissen zum Beispiel gar nicht, dass sich in\u00a0Lebensversicherungen\u00a0Kosten verstecken. \u201eDie meisten Menschen haben eine\u00a0Lebensversicherung ja gutgl\u00e4ubig abgeschlossen\u00a0und hoffen, dass sie irgendwann mehr Geld herausbekommen. Oft ist das am Ende leider nicht so. Hier m\u00f6chten wir\u00a0aufkl\u00e4ren\u00a0und\u00a0helfen\u201c.<\/p>\n<p>Was wir anbieten<\/p>\n<p>Die aktuellen Top-Dienstleistungen von <strong>Checkdeinrecht24<\/strong> sind:<\/p>\n<ul class=\"list-styled\">\n<li>Schadensersatzanspr\u00fcche im\u00a0Diesel-Abgasskandaldurchzusetzen<\/li>\n<li>Lebensversicherungen- Rentenverischerungen auf R\u00fcckabwicklung pr\u00fcfen<\/li>\n<li>Autokreditvertr\u00e4ge auf Widerrufsrecht pr\u00fcfen<\/li>\n<li>Facebook- Datenleck<\/li>\n<li>Abgasskandal bei Wohnmobilen<\/li>\n<li>Abgasskandal Fuhrpark<\/li>\n<li>R\u00fcckabwicklung von Autokreditvertr\u00e4gen.<\/li>\n<\/ul>\n<p>Mittlerweile kann das Unternehmen auf etwa mehrere tausend erfolgreich gepr\u00fcfte F\u00e4lle zur\u00fcckblicken. \u201eWir werden weiterwachsen und in Zukunft noch mehr Themen abdecken\u201c\u201eEines Tages m\u00f6chten wir der erste Ansprechpartner f\u00fcr m\u00f6glichst alle rechtlichen Bereiche im Alltagsleben der Verbraucher sein.\u201c<\/p>\n<p>Warum zu uns \u2013 und nicht direkt zum Anwalt?<\/p>\n<p>Wir kooperieren mit erfahrenen\/kompetenten Partneranw\u00e4lten.<\/p>\n<p>Unsere Partneranw\u00e4lte haben schon viele \u00e4hnlich gelagerte F\u00e4lle erfolgreich bearbeitet. Hier sind also Profis am Werk, die sich genau im Thema auskennen. Geht ein Verbraucher direkt zu einem Rechtsanwalt wei\u00df er vorher nicht immer, wie gut der auf das konkrete Anliegen spezialisiert ist. Bei Checkdeinrecht24 stellt sich diese Frage nicht: Wir haben die Profis f\u00fcr Ihren Fall an der Hand!<\/p>\n<p><strong>Die erste Pr\u00fcfung der Vertr\u00e4ge ist kostenlos.<\/strong><\/p>\n<p>Wir berechnen f\u00fcr die erste Pr\u00fcfung Ihres Vertrages bzw. Ihres Anliegens nichts. Bei vielen Rechtsanw\u00e4lten ist das anders. Hier wird oft eine Geb\u00fchr erhoben. Auch die Pr\u00fcfung eines Vertrages bei der Verbraucherzentrale kostet immer eine Geb\u00fchr.<\/p>\n<p><strong>Wir haben die Profis im Haus.<\/strong><\/p>\n<p>Bei der R\u00fcckabwicklung von Versicherungsvertr\u00e4gen \u00fcbernehmen wir die\u00a0versicherungsmathematischen Berechnungen. Diese sind bei vielen Vertr\u00e4gen in Zusammenhang mit einer R\u00fcckabwicklung notwendig. Unsere Mitarbeiter sind auf diesem Gebiet\u00a0ausgezeichnet geschult.\u00a0Wir f\u00fchren diese Berechnungen\u00a0unverbindlich\/kostenlos durch.<\/p>\n<p>Womit verdienen wir dann Geld?<\/p>\n<p>Die Dienstleistung der Checkdeinrecht24 ist f\u00fcr Sie kostenlos. Falls es zu einem verfahren kommen sollte, werden die kosten\u00a0 mit\u00a0 ihrer Rechtsschutzversicherung gedeckt.<\/p>\n<p>Immer f\u00fcr Sie da!<\/p>\n<p>Auf diesen Kan\u00e4len k\u00f6nnen Sie uns erreichen:<\/p>\n<p>Mobil\/WhatsApp: 0157 3620 3426<\/p>\n<p>Telefon: 040 22 851 769\u00a0 \u2013 oder fordern Sie einen <u>R\u00fcckruf<\/u>\u00a0an.<\/p>\n<p>Schreiben Sie uns an: info@checkdeinrecht24.de<\/p>\n<p>&nbsp;<\/p>\n","protected":false},"excerpt":{"rendered":"<p>Wer wir sind Checkdeinrecht24 stellt sich vor. \u201eWenn Verbraucher ein\u00a0Rechtsproblem\u00a0haben, helfen wir ihnen, es zu l\u00f6sen\u201c \u201eDas ist unser\u00a0Grundgedanke.\u201c Mit viel Herzblut und Engagement betreut die Firma Checkdeinrecht24, die gesch\u00e4digt wurden und rechtliche Hilfe ben\u00f6tigen. Dazu werden wertvolle Verbrauchertipps\u00a0\u00a0und Informationen angeboten: \u201eIn erster Linie m\u00f6chten wir die\u00a0Menschen \u00fcber ihre Rechte informieren\u00a0und ein Bewusstsein daf\u00fcr schaffen, [&hellip;]<\/p>\n","protected":false},"author":1,"featured_media":133,"parent":52,"menu_order":0,"comment_status":"closed","ping_status":"closed","template":"","meta":{"footnotes":""},"class_list":["post-49","page","type-page","status-publish","has-post-thumbnail","hentry"],"acf":[],"aioseo_notices":[],"_links":{"self":[{"href":"https:\/\/checkdeinrecht24.de\/index.php?rest_route=\/wp\/v2\/pages\/49","targetHints":{"allow":["GET"]}}],"collection":[{"href":"https:\/\/checkdeinrecht24.de\/index.php?rest_route=\/wp\/v2\/pages"}],"about":[{"href":"https:\/\/checkdeinrecht24.de\/index.php?rest_route=\/wp\/v2\/types\/page"}],"author":[{"embeddable":true,"href":"https:\/\/checkdeinrecht24.de\/index.php?rest_route=\/wp\/v2\/users\/1"}],"replies":[{"embeddable":true,"href":"https:\/\/checkdeinrecht24.de\/index.php?rest_route=%2Fwp%2Fv2%2Fcomments&post=49"}],"version-history":[{"count":34,"href":"https:\/\/checkdeinrecht24.de\/index.php?rest_route=\/wp\/v2\/pages\/49\/revisions"}],"predecessor-version":[{"id":334,"href":"https:\/\/checkdeinrecht24.de\/index.php?rest_route=\/wp\/v2\/pages\/49\/revisions\/334"}],"up":[{"embeddable":true,"href":"https:\/\/checkdeinrecht24.de\/index.php?rest_route=\/wp\/v2\/pages\/52"}],"wp:featuredmedia":[{"embeddable":true,"href":"https:\/\/checkdeinrecht24.de\/index.php?rest_route=\/wp\/v2\/media\/133"}],"wp:attachment":[{"href":"https:\/\/checkdeinrecht24.de\/index.php?rest_route=%2Fwp%2Fv2%2Fmedia&parent=49"}],"curies":[{"name":"wp","href":"https:\/\/api.w.org\/{rel}","templated":true}]}}