{"id":82,"date":"2024-01-01T08:05:30","date_gmt":"2024-01-01T08:05:30","guid":{"rendered":"https:\/\/www.dorukwebtasarim.com\/hukuk\/?page_id=82"},"modified":"2024-01-07T16:01:32","modified_gmt":"2024-01-07T16:01:32","slug":"agb","status":"publish","type":"page","link":"https:\/\/checkdeinrecht24.de\/?page_id=82","title":{"rendered":"AGB"},"content":{"rendered":"<div class=\"vc_row wpb_row vc_row-fluid\">\n<div class=\"wpb_column vc_column_container vc_col-sm-12\">\n<div class=\"vc_column-inner\">\n<div class=\"wpb_wrapper\">\n<p class=\"vc_custom_heading\">Allgemeine Gesch\u00e4ftsbedingungen der\u00a0 Checkdeinrecht24 GmbH<\/p>\n<\/div>\n<\/div>\n<\/div>\n<\/div>\n<div class=\"vc_row wpb_row vc_row-fluid\">\n<div class=\"wpb_column vc_column_container vc_col-sm-12\">\n<div class=\"vc_column-inner\">\n<div class=\"wpb_wrapper\">\n<div class=\"wpb_text_column wpb_content_element \">\n<div class=\"wpb_wrapper\">\n<ul>\n<li>1. Geltungsgebiete<\/li>\n<\/ul>\n<p>Durch die Nutzung dieser Webseite gelten folgende utzungsbedingungen im Verh\u00e4ltnis zwischen User und Betreiber der Webseite. Die akzeptierung<br \/>\nder Nutzungsbedingungen ist Voraussetzung f\u00fcr die zul\u00e4ssige Nutzung des bereitgestellten Kontaktformulars.<\/p>\n<p>&nbsp;<\/p>\n<ul>\n<li>2. Leistung des Anbieters<\/li>\n<\/ul>\n<p>Wir, die Checkdeinrecht24 Gmbh \u00fcbernehmen f\u00fcr Sie die \u00dcbermittlung<br \/>\nvon fallbezogenen Angaben an einen Korrespondenzanwalt, zur ersten Falleinsch\u00e4tzung.<br \/>\nHierbei holen wir rechtlichen Rat ein im Rahmen des Verkehrsrechts. Unsere<br \/>\nKorrespondenzanw\u00e4lte \u00fcberpr\u00fcfen die Erfolgschancen Ihres Falles anhand Ihrer,<br \/>\nuns mitgeteilten, angaben. Abschlie\u00dfend \u00fcbermitteln wir Ihnen das Ergebnis der \u00dcberpr\u00fcfung.<\/p>\n<p>Nach der pflichtgem\u00e4\u00dfen Ermessen beinhaltet die Dienstleistung der\u00a0 Checkdeinrecht24 \u00a0nachfolgende Ma\u00dfnahmen:<\/p>\n<p>&nbsp;<\/p>\n<ul>\n<li>Ihre Erstaufnahme, indem wir nach Erhalt Ihres ausgef\u00fcllten Kontaktformulars den pers\u00f6nlichen Kontakt zu Ihnen suchen und Ihre Angaben zur \u00dcberpr\u00fcfung aufnehmen.<\/li>\n<li>Wir leiten dann Ihre Angaben, aktualisiert an unsere Korrespondenzanw\u00e4lte weiter, die dann eine \u00dcberpr\u00fcfung anhand der ihnen vorliegenden Daten vornehmen.<\/li>\n<li>Wir informieren Sie dann unverbindlich und kostenlos \u00fcber das Ergebnis der Pr\u00fcfung<\/li>\n<li>Daneben betreuen wir Sie bei Beauftragung einer unserer Korrespondenzanw\u00e4lte im Rahmen Ihres Verfahrens.<\/li>\n<li>Online-Auftrag<\/li>\n<\/ul>\n<p>Durch Best\u00e4tigung der Nutzungsbedingungen erteilen Sie der Checkdeinrecht24 einen Auftrag. Unsere Serviceleistung ist unverbindlich\/Kostenlos. Durch die Best\u00e4tigung der Nutzungsbedingungen und das<br \/>\nAbsenden des Kontaktformulars geben Sie uns einen Auftrag auf.<\/p>\n<p>Die Verg\u00fctung des Rechtsanwalts richtet sich nach dem Gegenstandswert und berechnet sich nach den einschl\u00e4gigen Normen des Rechtsanwaltsverg\u00fctungsgesetzes (RVG).\u00a0<u>Die Verg\u00fctung wird bei wirksamer Deckungszusage<\/u>\u00a0<u>durch eine Rechtsschutzversicherung bzw. bei einem wirksamen Prozessfinanzierungsvertrag gem\u00e4\u00df den dort getroffenen Vereinbarungen vom Prozessfinanzierer getragen<\/u>.<\/p>\n<p>Durch die verschickte Eingangsbest\u00e4tigung best\u00e4tigen wir den Empfang Ihres Auftrages.<br \/>\nDie Beauftragung ist nur vollgesch\u00e4ftsf\u00e4higen Personen und solchen mit gesetzlichen Vertreter<br \/>\ngestattet. Bei beschr\u00e4nkt gesch\u00e4ftsf\u00e4higen Personen entsteht der Dienstleistungsvertrag erst mit<br \/>\nZustimmung der gesetzlichen Vertreter. Bei bekannt werden der Minderj\u00e4hrigkeit des Vertragspartners<br \/>\nwird die Bearbeitung des Auftrages sofort eingestellt, bis zur Einwilligung der gesetzlichen Vertreter.<\/p>\n<p>&nbsp;<\/p>\n<ul>\n<li>4 .Widerrufsbelehrung<\/li>\n<\/ul>\n<p>Als Verbraucher steht Ihnen gem. \u00a7 13 BGB ein Widerrufsrecht bei Fernabsatzvertr\u00e4gen zu.<\/p>\n<p>Demnach k\u00f6nnen Sie Ihre Vertragserkl\u00e4rungen\/Angaben innerhalb von zwei Wochen ohne Angaben von<br \/>\nGr\u00fcnden in Textform, d. h. Brief, Fax oder Mail, widerrufen. Die Frist beginnt nach Erhalt der<br \/>\nWiderrufsbelehrung bei Vertragsabschluss.<\/p>\n<p>Zur Wahrung der Widerrufsfrist reicht es aus, dass Sie die Mitteilung \u00fcber die Aus\u00fcbung des<br \/>\nWiderrufrechts vor Ablauf der Widerrufsfrist absenden. Den Widerruf, unter Angabe Ihres vollst\u00e4ndigen<br \/>\nNamens und der PLZ, senden Sie bitte an einer der folgenden Adressen:<\/p>\n<p>&nbsp;<\/p>\n<p>Folgen des Widerrufs<\/p>\n<p>Wenn Sie diesen Vertrag widerrufen, haben wir Ihnen alle Zahlungen, die wir von Ihnen erhalten haben, einschlie\u00dflich der Lieferkosten (mit Ausnahme der zus\u00e4tzlichen Kosten, die sich daraus ergeben, dass Sie eine andere Art der Lieferung als die von uns angebotene, g\u00fcnstigste Standardlieferung gew\u00e4hlt haben), unverz\u00fcglich und sp\u00e4testens binnen vierzehn Tagen ab dem Tag zur\u00fcckzuzahlen, an dem die Mitteilung \u00fcber Ihren Widerruf dieses Vertrags bei uns eingegangen ist. F\u00fcr diese R\u00fcckzahlung verwenden wir dasselbe Zahlungsmittel, das Sie bei der urspr\u00fcnglichen Transaktion eingesetzt haben, es sei denn, mit Ihnen wurde ausdr\u00fccklich etwas anderes vereinbart; in keinem Fall werden Ihnen wegen dieser R\u00fcckzahlung Entgelte berechnet.<\/p>\n<p>Haben Sie verlangt, dass die Dienstleistungen w\u00e4hrend der Widerrufsfrist beginnen soll, so haben Sie uns einen angemessenen Betrag zu zahlen, der dem Anteil der bis zu dem Zeitpunkt, zu dem Sie uns von der Aus\u00fcbung des Widerrufsrechts hinsichtlich dieses Vertrags unterrichten, bereits erbrachten Dienstleistungen im Vergleich zum Gesamtumfang der im Vertrag vorgesehenen Dienstleistungen entspricht.<\/p>\n<p>&nbsp;<\/p>\n<ul>\n<li>5. Mitwirkung des Antragstellers<\/li>\n<\/ul>\n<p>Zur Unterst\u00fctzung bei Ihrer rechtlichen Vertretung stellen Sie uns und den jeweiligen Korrespondenzanwalt<br \/>\nalle erforderlichen Unterlagen zur Verf\u00fcgung. Diese bestehen in etwa aus den eingegangen Bescheiden, den Angaben<br \/>\nder Rechtsschutzversicherung, die unterschriebene Vollmacht und jeglichen im Zusammenhang mit dem Fall stehenden<br \/>\nSchriftverkehr.<\/p>\n<p>Sollten die ben\u00f6tigten Unterlagen nach Aufforderung nicht zeitgem\u00e4\u00df mitgeteilt werden,<br \/>\nist Checkdeinrecht24 dazu befugt den Vertrag zu k\u00fcndigen.<\/p>\n<p>Sie verpflichten sich ferner keinen anderen Anwalt gleichzeitig f\u00fcr den uns \u00fcbermittelten Fall zu beauftragen.<\/p>\n<p>&nbsp;<\/p>\n<ul>\n<li>6. Kosten f\u00fcr den Auftraggeber<\/li>\n<\/ul>\n<p>Die Dienstleistung der Checkdeinrecht24 ist f\u00fcr Sie kostenlos. Falls es zu einem verfahren kommen sollte, werden die kosten\u00a0 mit\u00a0 ihrer Rechtschutzversicherung gedeckt.<\/p>\n<p>&nbsp;<\/p>\n<ul>\n<li>7.Vertragslaufzeit<\/li>\n<\/ul>\n<p>Das Vertragsverh\u00e4ltnis endet mit Beendigung des Verfahrens.<\/p>\n<p>&nbsp;<\/p>\n<ul>\n<li>8. Aktenf\u00fchrung<\/li>\n<\/ul>\n<p>Die angelegten Akten f\u00fchrt die Checkdeinrecht24 GmbH elektronisch. Die Aufbewahrungsdauer der abgeschlossenen Auftr\u00e4ge<br \/>\nbetr\u00e4gt 6 Monate. Dem Auftraggeber wird das Recht erteilt, die Akte<br \/>\nals gesamte Akte oder in papierloser Form per E-Mail anzufordern.<\/p>\n<p>&nbsp;<\/p>\n<ul>\n<li>9. Datenschutz<\/li>\n<\/ul>\n<p>Der Auftraggeber stimmt einer Nutzung, Erhebung und Verarbeitung personenbezogener Daten ausdr\u00fccklich zu.<br \/>\nDie personenbezogenen Daten werden ausnahmslos zur Ausf\u00fchrung des Auftrages verwendet. Selbstverst\u00e4ndlich werden<br \/>\nalle Daten vertraulich behandelt.<\/p>\n<p>Ihre Daten werden nach den gesetzlichen Bestimmungen verschl\u00fcsselt und sicher \u00fcbertragen<\/p>\n<\/div>\n<\/div>\n<\/div>\n<\/div>\n<\/div>\n<\/div>\n","protected":false},"excerpt":{"rendered":"<p>Allgemeine Gesch\u00e4ftsbedingungen der\u00a0 Checkdeinrecht24 GmbH 1. Geltungsgebiete Durch die Nutzung dieser Webseite gelten folgende utzungsbedingungen im Verh\u00e4ltnis zwischen User und Betreiber der Webseite. Die akzeptierung der Nutzungsbedingungen ist Voraussetzung f\u00fcr die zul\u00e4ssige Nutzung des bereitgestellten Kontaktformulars. &nbsp; 2. Leistung des Anbieters Wir, die Checkdeinrecht24 Gmbh \u00fcbernehmen f\u00fcr Sie die \u00dcbermittlung von fallbezogenen Angaben an einen [&hellip;]<\/p>\n","protected":false},"author":1,"featured_media":227,"parent":52,"menu_order":0,"comment_status":"closed","ping_status":"closed","template":"","meta":{"footnotes":""},"class_list":["post-82","page","type-page","status-publish","has-post-thumbnail","hentry"],"acf":[],"aioseo_notices":[],"_links":{"self":[{"href":"https:\/\/checkdeinrecht24.de\/index.php?rest_route=\/wp\/v2\/pages\/82","targetHints":{"allow":["GET"]}}],"collection":[{"href":"https:\/\/checkdeinrecht24.de\/index.php?rest_route=\/wp\/v2\/pages"}],"about":[{"href":"https:\/\/checkdeinrecht24.de\/index.php?rest_route=\/wp\/v2\/types\/page"}],"author":[{"embeddable":true,"href":"https:\/\/checkdeinrecht24.de\/index.php?rest_route=\/wp\/v2\/users\/1"}],"replies":[{"embeddable":true,"href":"https:\/\/checkdeinrecht24.de\/index.php?rest_route=%2Fwp%2Fv2%2Fcomments&post=82"}],"version-history":[{"count":6,"href":"https:\/\/checkdeinrecht24.de\/index.php?rest_route=\/wp\/v2\/pages\/82\/revisions"}],"predecessor-version":[{"id":168,"href":"https:\/\/checkdeinrecht24.de\/index.php?rest_route=\/wp\/v2\/pages\/82\/revisions\/168"}],"up":[{"embeddable":true,"href":"https:\/\/checkdeinrecht24.de\/index.php?rest_route=\/wp\/v2\/pages\/52"}],"wp:featuredmedia":[{"embeddable":true,"href":"https:\/\/checkdeinrecht24.de\/index.php?rest_route=\/wp\/v2\/media\/227"}],"wp:attachment":[{"href":"https:\/\/checkdeinrecht24.de\/index.php?rest_route=%2Fwp%2Fv2%2Fmedia&parent=82"}],"curies":[{"name":"wp","href":"https:\/\/api.w.org\/{rel}","templated":true}]}}