{"id":84,"date":"2024-01-01T08:05:55","date_gmt":"2024-01-01T08:05:55","guid":{"rendered":"https:\/\/www.dorukwebtasarim.com\/hukuk\/?page_id=84"},"modified":"2025-02-26T12:00:05","modified_gmt":"2025-02-26T12:00:05","slug":"impressum","status":"publish","type":"page","link":"https:\/\/checkdeinrecht24.de\/?page_id=84","title":{"rendered":"Impressum"},"content":{"rendered":"<div>\n<p>Angaben gem\u00e4\u00df \u00a7 5 TMG:<\/p>\n<p>Betreiber<\/p>\n<p>Checkdeinrecht24 GmbH<\/p>\n<p>Alsterufer 1<\/p>\n<p>20354 Hamburg<\/p>\n<p>&nbsp;<\/p>\n<h6>Vertreten durch<\/h6>\n<p>Checkdeinrecht24 Verwaltungs- GmbH<\/p>\n<p>Amtsgericht Hamburg HRB 77123 HL<\/p>\n<p>Gesch\u00e4ftsf\u00fchrer: Dr. Benjamin Rosenberg<\/p>\n<p>Email: info@checkdeinrecht24.de<\/p>\n<p>Telefon: 040-22-851- 769<\/p>\n<p>GSM: 0157-310-13-181<\/p>\n<p>Unser Portal: www.checkdeinrecht24.de<\/p>\n<p>&nbsp;<\/p>\n<\/div>\n<p>Registereintrag<\/p>\n<p>Eingetragen im Handelsregister Registergericht: Amtsgericht Hamburg<\/p>\n<p>Registernummer: HRA 9806 HL<\/p>\n<p>&nbsp;<\/p>\n<p>Umsatzsteuer- Identifikationsnummer gem\u00e4\u00df\u00a0\u00a727 a Umsatzsteuergesetz<\/p>\n<p>DE 326769145<\/p>\n<p>&nbsp;<\/p>\n<p>Verantwortlich f\u00fcr den Inhalt nach \u00a7 55 Abs. 2 RStV<\/p>\n<p>Dr.Benjamin Rosenberg<\/p>\n<p>Alsterufer 1<\/p>\n<p>20354 Hamburg<\/p>\n<p>&nbsp;<\/p>\n<h3 class=\"text-2xl font-semibold pt-6 pb-4\">Streitschlichtung<\/h3>\n<p>Die Europ\u00e4ische Kommission stellt eine Plattform zur Online-Streitbeilegung (OS) bereit: ec.europa.eu\/consumers\/odr<br \/>\nUnsere E-Mail-Adresse finden Sie oben im Impressum.<\/p>\n<p><strong>Haftung f\u00fcr Inhalte<\/strong><\/p>\n<p>Als Diensteanbieter sind wir gem\u00e4\u00df \u00a7 7 Abs.1 TMG f\u00fcr eigene Inhalte auf diesen<br \/>\nSeiten nach den allgemeinen Gesetzen verantwortlich. Nach \u00a7\u00a7 8 bis 10 TMG sind<br \/>\nwir als Diensteanbieter jedoch nicht verpflichtet, \u00fcbermittelte oder gespeicherte<br \/>\nfremde Informationen zu \u00fcberwachen oder nach Umst\u00e4nden zu forschen, die auf eine<br \/>\nrechtswidrige T\u00e4tigkeit hinweisen. Verpflichtungen zur Entfernung oder Sperrung der<br \/>\nNutzung von Informationen nach den allgemeinen Gesetzen bleiben hiervon unber\u00fchrt.<br \/>\nEine diesbez\u00fcgliche Haftung ist jedoch erst ab dem Zeitpunkt der Kenntnis einer<br \/>\nkonkreten Rechtsverletzung m\u00f6glich. Bei Bekanntwerden von entsprechenden<br \/>\nRechtsverletzungen werden wir diese Inhalte umgehend entfernen.<\/p>\n<h3>Haftung f\u00fcr Links<\/h3>\n<p>Unser Angebot enth\u00e4lt Links zu externen Webseiten Dritter, auf deren Inhalte<br \/>\nwir keinen Einfluss haben. Deshalb k\u00f6nnen wir f\u00fcr diese fremden Inhalte auch<br \/>\nkeine Gew\u00e4hr \u00fcbernehmen. F\u00fcr die Inhalte der verlinkten Seiten ist stets der<br \/>\njeweilige Anbieter oder Betreiber der Seiten verantwortlich. Die verlinkten<br \/>\nSeiten wurden zum Zeitpunkt der Verlinkung auf m\u00f6gliche Rechtsverst\u00f6\u00dfe \u00fcberpr\u00fcft.<br \/>\nRechtswidrige Inhalte waren zum Zeitpunkt der Verlinkung nicht erkennbar. Eine<br \/>\npermanente inhaltliche Kontrolle der verlinkten Seiten ist jedoch ohne konkrete<br \/>\nAnhaltspunkte einer Rechtsverletzung nicht zumutbar. Bei Bekanntwerden von<br \/>\nRechtsverletzungen werden wir derartige Links umgehend entfernen.<\/p>\n<h3>Urheberrecht<\/h3>\n<p>Die durch die Seitenbetreiber erstellten Inhalte und Werke auf diesen Seiten<br \/>\nunterliegen dem deutschen Urheberrecht. Die Vervielf\u00e4ltigung, Bearbeitung,<br \/>\nVerbreitung und jede Art der Verwertung au\u00dferhalb der Grenzen des Urheberrechtes<br \/>\nbed\u00fcrfen der schriftlichen Zustimmung des jeweiligen Autors bzw. Erstellers.<br \/>\nDownloads und Kopien dieser Seite sind nur f\u00fcr den privaten, nicht kommerziellen<br \/>\nGebrauch gestattet. Soweit die Inhalte auf dieser Seite nicht vom Betreiber erstellt<br \/>\nwurden, werden die Urheberrechte Dritter beachtet. Insbesondere werden Inhalte<br \/>\nDritter als solche gekennzeichnet. Sollten Sie trotzdem auf eine<br \/>\nUrheberrechtsverletzung aufmerksam werden, bitten wir um einen entsprechenden<br \/>\nHinweis.Bei Bekanntwerden von Rechtsverletzungen werden wir derartige Inhalte<br \/>\numgehend entfernen.<\/p>\n<p><strong>Datenschutzerkl\u00e4rung<\/strong><\/p>\n<p>Wir freuen uns \u00fcber Ihren Besuch auf unserer Webseite www.checkdeinrecht24.de und das damit zum Ausdruck gebrachte Interesse an unserem Unternehmen. Den Schutz und die Sicherheit Ihrer uns anvertrauten personenbezogenen Daten nehmen wir sehr ernst und m\u00f6chten daher, dass Sie sich beim Besuch unserer Internet-Seite und der Nutzung unserer Angebote sicher und wohl f\u00fchlen. F\u00fcr uns ist es von besonderer Bedeutung, dass Sie wissen, welche personenbezogenen Daten bei der Inanspruchnahme unserer Angebote und Leistungen erhoben werden und wie wir diese Daten danach verwenden.<\/p>\n<h5 class=\"text-2xl font-semibold pt-8 pb-4\"><strong>Zweckbestimmung der Datenverarbeitung<\/strong><\/h5>\n<p>Checkdeinrecht24 GmbH ist ein Dienstleister f\u00fcr Verbraucherrechte. Soweit wir personenbezogene Daten verarbeiten, erfolgt dies zu den in dieser Datenschutzerkl\u00e4rung jeweils angegebenen Zwecken.<\/p>\n<pre class=\"text-2xl font-semibold pt-8 pb-4\">Verarbeitung personenbezogener Daten<\/pre>\n<h3 class=\"text-2xl font-semibold mt-6 pb-4\">Aufruf unserer Webseite<\/h3>\n<p>Die Ihrem Computer zugewiesene IP-Adresse wird von uns erfasst und gespeichert, um die von Ihnen abgerufenen Webseiten-Inhalte an Ihren Computer zu \u00fcbermitteln (z.B. Texte, Bilder sowie zum Download bereit gestellte Dateien, etc.) (vgl. Art. 6 Abs. 1 lit. b Datenschutzgrundverordnung (DSGVO)). Auch zur Missbrauchserkennung und \u2013verfolgung werden diese Daten von uns verarbeitet. Die Rechtsgrundlage ist hier insoweit Art. 6 Abs. 1 lit. f DSGVO. Unser berechtigtes Interesse an der Datenverarbeitung liegt dabei darin, das ordnungsgem\u00e4\u00dfe Funktionieren unserer Webseite sowie der dar\u00fcber abgewickelten Gesch\u00e4fte sicherzustellen.<\/p>\n<h3 class=\"text-2xl font-semibold pt-8 pb-4\">Sonstige Zwecke<\/h3>\n<p>Geben Sie uns dar\u00fcber hinaus von sich aus personenbezogene Daten bekannt, werden diese ebenfalls von uns verarbeitet. Beispielsweise im Rahmen einer Anfrage \u00fcber unser Kontaktformular. Rechtsgrundlage ist insoweit Art. 6 Abs. 1 lit. b DSGVO.<\/p>\n<p>Zu den von uns verarbeiteten Daten z\u00e4hlen insoweit Kundendaten, Mitarbeiterdaten sowie Daten von Gesch\u00e4ftspartnern und Interessenten, soweit diese f\u00fcr die im Rahmen dieser Datenschutzerkl\u00e4rung benannten Zwecke erforderlich sind.<\/p>\n<p>Soweit wir, wie vorstehend beschrieben, Ihre Daten zu Zwecken der Entgegennahme und Bearbeitung Ihrer jeweiligen Anfrage (bzw. Kontaktformular) verarbeiten, sind Sie vertraglich verpflichtet, uns diese Daten zur Verf\u00fcgung zu stellen. Wir k\u00f6nnen eine entsprechende Bearbeitung Ihrer Anfrage ohne diese Daten nicht vornehmen. Haben Sie in die Verarbeitung personenbezogener Daten eingewilligt (vgl. Art. 6 Abs. 1 lit. a DSGVO), k\u00f6nnen Sie Ihre Einwilligung jederzeit widerrufen, ohne dass die Rechtm\u00e4\u00dfigkeit der aufgrund der Einwilligung bis zum Widerruf erfolgten Verarbeitung ber\u00fchrt wird.<\/p>\n<h3 class=\"text-2xl font-semibold pt-8 pb-4\">Kontaktformulare<\/h3>\n<p>Lassen Sie uns \u00fcber unser o. g. Kontaktformular Anfragen zukommen, werden s\u00e4mtliche Ihrer Angaben aus dem Anfrageformular inklusive der von Ihnen dort angegebenen Kontaktdaten zur Anfragenbearbeitung und evtl. aufkommender R\u00fcckfragen bei uns gespeichert und verarbeitet. Die Verarbeitung Ihrer vorgenannten Daten erfolgt ausschlie\u00dflich zweckgebunden zur Beantwortung und Bearbeitung Ihrer Anfrage. Die Datenverarbeitung erfolgt hier nach Art. 6 Abs. S. 1 lit. a DSGVO auf Grundlage Ihrer freiwillig erteilten Einwilligung. Sie k\u00f6nnen dem jederzeit widersprechen (Widerrufsrecht).<\/p>\n<h3 class=\"text-2xl font-semibold pt-8 pb-4\">Registrierung auf dieser Website<\/h3>\n<p>Sie k\u00f6nnen sich auf unserer Website registrieren, um zus\u00e4tzliche Funktionen auf der Seite zu nutzen. Die dazu eingegebenen Daten verwenden wir nur zum Zwecke der Nutzung des jeweiligen Angebotes oder Dienstes, f\u00fcr den Sie sich registriert haben. Die bei der Registrierung abgefragten Pflichtangaben m\u00fcssen vollst\u00e4ndig angegeben werden. Anderenfalls werden wir die Registrierung ablehnen. F\u00fcr wichtige \u00c4nderungen etwa beim Angebotsumfang oder bei technisch notwendigen \u00c4nderungen nutzen wir die bei der Registrierung angegebene E-Mail-Adresse, um Sie auf diesem Wege zu informieren. Die Verarbeitung der bei der Registrierung eingegebenen Daten erfolgt auf Grundlage Ihrer Einwilligung (Art. 6 Abs. 1 lit. a DSGVO). Sie k\u00f6nnen eine von Ihnen erteilte Einwilligung jederzeit widerrufen. Dazu reicht eine formlose Mitteilung per E-Mail an uns. Die Rechtm\u00e4\u00dfigkeit der bereits erfolgten Datenverarbeitung bleibt vom Widerruf unber\u00fchrt. Die bei der Registrierung erfassten Daten werden von uns verarbeitet, solange Sie auf unserer Website registriert sind und werden anschlie\u00dfend gel\u00f6scht. Gesetzliche Aufbewahrungsfristen bleiben unber\u00fchrt.<\/p>\n","protected":false},"excerpt":{"rendered":"<p>Angaben gem\u00e4\u00df \u00a7 5 TMG: Betreiber Checkdeinrecht24 GmbH Alsterufer 1 20354 Hamburg &nbsp; Vertreten durch Checkdeinrecht24 Verwaltungs- GmbH Amtsgericht Hamburg HRB 77123 HL Gesch\u00e4ftsf\u00fchrer: Dr. Benjamin Rosenberg Email: info@checkdeinrecht24.de Telefon: 040-22-851- 769 GSM: 0157-310-13-181 Unser Portal: www.checkdeinrecht24.de &nbsp; Registereintrag Eingetragen im Handelsregister Registergericht: Amtsgericht Hamburg Registernummer: HRA 9806 HL &nbsp; Umsatzsteuer- Identifikationsnummer gem\u00e4\u00df\u00a0\u00a727 a Umsatzsteuergesetz [&hellip;]<\/p>\n","protected":false},"author":1,"featured_media":133,"parent":52,"menu_order":0,"comment_status":"closed","ping_status":"closed","template":"","meta":{"footnotes":""},"class_list":["post-84","page","type-page","status-publish","has-post-thumbnail","hentry"],"acf":[],"aioseo_notices":[],"_links":{"self":[{"href":"https:\/\/checkdeinrecht24.de\/index.php?rest_route=\/wp\/v2\/pages\/84","targetHints":{"allow":["GET"]}}],"collection":[{"href":"https:\/\/checkdeinrecht24.de\/index.php?rest_route=\/wp\/v2\/pages"}],"about":[{"href":"https:\/\/checkdeinrecht24.de\/index.php?rest_route=\/wp\/v2\/types\/page"}],"author":[{"embeddable":true,"href":"https:\/\/checkdeinrecht24.de\/index.php?rest_route=\/wp\/v2\/users\/1"}],"replies":[{"embeddable":true,"href":"https:\/\/checkdeinrecht24.de\/index.php?rest_route=%2Fwp%2Fv2%2Fcomments&post=84"}],"version-history":[{"count":15,"href":"https:\/\/checkdeinrecht24.de\/index.php?rest_route=\/wp\/v2\/pages\/84\/revisions"}],"predecessor-version":[{"id":333,"href":"https:\/\/checkdeinrecht24.de\/index.php?rest_route=\/wp\/v2\/pages\/84\/revisions\/333"}],"up":[{"embeddable":true,"href":"https:\/\/checkdeinrecht24.de\/index.php?rest_route=\/wp\/v2\/pages\/52"}],"wp:featuredmedia":[{"embeddable":true,"href":"https:\/\/checkdeinrecht24.de\/index.php?rest_route=\/wp\/v2\/media\/133"}],"wp:attachment":[{"href":"https:\/\/checkdeinrecht24.de\/index.php?rest_route=%2Fwp%2Fv2%2Fmedia&parent=84"}],"curies":[{"name":"wp","href":"https:\/\/api.w.org\/{rel}","templated":true}]}}